{"id":12221,"date":"2016-02-10T11:34:36","date_gmt":"2016-02-10T10:34:36","guid":{"rendered":"http:\/\/www.bnmarconi.it\/tipografia\/?page_id=12221"},"modified":"2023-06-26T19:15:28","modified_gmt":"2023-06-26T17:15:28","slug":"cookie-policy","status":"publish","type":"page","link":"http:\/\/www.bnmarconi.it\/tipografia\/index.php\/cookie-policy\/","title":{"rendered":"cookie-policy"},"content":{"rendered":"<h2>Informativa estesa sull\u2019utilizzo dei cookie<\/h2>\n<h3><strong>Uso dei cookie<\/strong><\/h3>\n<p><strong>BNMarconi.it<\/strong> utilizza i Cookie per rendere i propri servizi semplici e efficienti per l\u2019utenza che visiona le pagine del sito.<br \/>\nGli utenti che visionano il Sito, vedranno inserite delle quantit\u00e0 minime di informazioni nei dispositivi in uso, che siano computer e periferiche mobili, in piccoli file di testo denominati \u201ccookie\u201d salvati nelle directory utilizzate dal browser web dell\u2019Utente.<br \/>\nVi sono vari tipi di cookie, alcuni per rendere pi\u00f9 efficace l\u2019uso del Sito, altri per abilitare determinate funzionalit\u00e0.<br \/>\nAnalizzandoli in maniera particolareggiata i nostri cookie permettono di:<\/p>\n<ul>\n<li>memorizzare le preferenze inserite<\/li>\n<li>analizzare l\u2019utilizzo dei servizi e dei contenuti forniti da <strong>BNMarconi.it<\/strong> per ottimizzarne l\u2019esperienza di navigazione e i servizi offerti<\/li>\n<\/ul>\n<h3><strong>Tipologie di Cookie utilizzati da BNMarconi.it<\/strong><\/h3>\n<p>A seguire i vari tipi di cookie utilizzati da BNMarconi.it in funzione delle finalit\u00e0 d\u2019uso<\/p>\n<h4><strong>Cookie Tecnici<\/strong><\/h4>\n<p>Questa tipologia di cookie permette il <strong>corretto funzionamento di alcune sezioni del Sito<\/strong>. Sono di due categorie, persistenti e di sessione:<\/p>\n<ul>\n<li>persistenti: una volta chiuso il browser non vengono distrutti ma rimangono fino ad una data di scadenza preimpostata<\/li>\n<li>di sessione: vengono distrutti ogni volta che il browser viene chiuso<\/li>\n<\/ul>\n<p>Questi cookie, inviati sempre dal nostro dominio, sono necessari a visualizzare correttamente il sito e in relazione ai servizi tecnici offerti, verranno quindi sempre utilizzati e inviati, a meno che l\u2019utenza non modifichi le impostazioni nel proprio browser (inficiando cos\u00ec la visualizzazione delle pagine del sito).<\/p>\n<h4><strong>Cookie analitici<\/strong><\/h4>\n<p>I cookie in questa categoria vengono utilizzati <strong>per collezionare informazioni sull\u2019uso del Sito. BNMarconi.it<\/strong> user\u00e0 queste informazioni in merito ad analisi statistiche anonime al fine di migliorare l\u2019utilizzo del Sito e per rendere i contenuti pi\u00f9 interessanti e attinenti ai desideri dell\u2019utenza. Questa tipologia di cookie raccoglie dati in forma anonimasull\u2019attivit\u00e0 dell\u2019utenza e su come \u00e8 arrivata sul Sito. I cookie analitici sono inviati dal Sito Stesso o da domini di terze parti.<\/p>\n<h4><strong>Cookie di analisi di servizi di terze parti<\/strong><\/h4>\n<p>Questi cookie sono utilizzati al fine di raccogliere informazioni sull\u2019uso del Sito da parte degli utenti in forma anonima quali: pagine visitate, tempo di permanenza, origini del traffico di provenienza, provenienza geografica, et\u00e0, genere e interessi ai fini di campagne di marketing. Questi cookie sono inviati da domini di terze parti esterni al Sito.<\/p>\n<h4><strong>Cookie per integrare prodotti e funzioni di software di terze parti<\/strong><\/h4>\n<p>Questa tipologia di cookie integra funzionalit\u00e0 sviluppate da terzi all\u2019interno delle pagine del Sito come le icone e le preferenze espresse nei social network al fine di condivisione dei contenuti del sito o per l\u2019uso di servizi software di terze parti (come i software per generare le mappe e ulteriori software che offrono servizi aggiuntivi). Questi cookie sono inviati da domini di terze parti e da siti partner che offrono le loro funzionalit\u00e0 tra le pagine del Sito.<\/p>\n<p>Alcuni cookies servono per l\u2019uso delle funzioni integrate con i social network, se volete saperne di pi\u00f9 cliccate su:<\/p>\n<p>\u2013 <strong>Facebook<\/strong> <a href=\"https:\/\/www.facebook.com\/about\/privacy\/\" target=\"_blank\" rel=\"noopener\">https:\/\/www.facebook.com\/about\/privacy\/<\/a> (link informativa cookie <a href=\"https:\/\/www.facebook.com\/help\/cookies\/\" target=\"_blank\" rel=\"noopener\">https:\/\/www.facebook.com\/help\/cookies\/<\/a> ),<\/p>\n<p>\u2013 <strong>Twitter<\/strong> <a href=\"https:\/\/twitter.com\/privacy?lang=it\" target=\"_blank\" rel=\"noopener\">https:\/\/twitter.com\/privacy?lang=it<\/a> (link informativa cookie <a href=\"https:\/\/support.twitter.com\/articles\/20170519-uso-dei-cookie-e-di-altre-tecnologie-simili-da-parte-di-twitter\" target=\"_blank\" rel=\"noopener\">https:\/\/support.twitter.com\/articles\/20170519-uso-dei-cookie-e-di-altre-tecnologie-simili-da-parte-di-twitter<\/a> )<\/p>\n<p>\u2013 <strong>LinkedIn<\/strong> <a href=\"http:\/\/www.linkedin.com\/static?key=privacy_policy&amp;trk=hb_ft_priv\" target=\"_blank\" rel=\"noopener\">http:\/\/www.linkedin.com\/static?key=privacy_policy&amp;trk=hb_ft_priv<\/a> (link informativa cookie <a href=\"https:\/\/www.linkedin.com\/legal\/cookie-policy\" target=\"_blank\" rel=\"noopener\">https:\/\/www.linkedin.com\/legal\/cookie-policy<\/a> )<\/p>\n<p>\u2013 <strong>Google+<\/strong> <a href=\"http:\/\/www.google.com\/intl\/it\/policies\/privacy\/\" target=\"_blank\" rel=\"nofollow noopener\">http:\/\/www.google.com\/intl\/it\/policies\/privacy\/<\/a> (link informativa cookie <a href=\"http:\/\/www.google.it\/intl\/it\/policies\/technologies\/cookies\/\" target=\"_blank\" rel=\"nofollow noopener\">http:\/\/www.google.it\/intl\/it\/policies\/technologies\/cookies\/<\/a> ).<\/p>\n<p><strong>NON VENGONO UTILIZZATI COOKIES DI PROFILAZIONE.<\/strong> I cookies di profilazione hanno lo scopo di inviare messaggi pubblicitari mirati, <strong>questo sito non ne fa uso<\/strong>.<\/p>\n<p><b>Consenso ai cookies<\/b><\/p>\n<p>Come utente del nostro sito, ti preghiamo di fornirci il consenso per l\u2019installazione dei cookies nel suo dispositivo. Ti richiediamo di fornirci il consenso selezionando il box \u201c<strong>Accetto<\/strong>\u201c, visualizzato in un apposito pop-up (o cookie banner). Il consenso viene dato anche continuando la navigazione.<\/p>\n<p><strong>Ti \u00e8 sempre consentito di revocare il consenso prestato, attivando la procedura di \u201copting-out\u201d (revoca del consenso), di seguito meglio dettagliata<\/strong><\/p>\n<p><b>Precedenti accessi al sito web<\/b><\/p>\n<p>Se hai gi\u00e0 visitato in passato BNMarconi.it, \u00e8 verosimile che i cookies siano gi\u00e0 stati memorizzati sul tuo computer in quella occasione.<br \/>\nPer eliminare i cookies precedentemente memorizzati, ti invitiamo a seguire le istruzioni fornite nella sezione \u201cOpting-out.\u201d<\/p>\n<p><b>Opting-out<\/b><\/p>\n<p>In qualunque momento \u00e8 possibile eliminare e bloccare tutti i cookies che vengono archiviati durante la consultazione di questo sito web. Puoi cancellare i cookies usando le apposite funzioni fruibili con la maggior parte dei browsers. Molti browsers consentono inoltre di bloccare l\u2019archiviazione di cookies attivando una specifica opzione che permette di rifiutare automaticamente la memorizzazione di alcuni o tutti i cookies. Per conoscere la relativa procedura, puoi seguire la procedura di disabilitazione prevista dai principali browser:<\/p>\n<p>Google Chrome<br \/>\n<a href=\"https:\/\/support.google.com\/accounts\/answer\/61416?hl=it\" target=\"_blank\" rel=\"noopener\">https:\/\/support.google.com\/accounts\/answer\/61416?hl=it<\/a><br \/>\nMicrosoft Internet Explorer<br \/>\n<a href=\"http:\/\/windows.microsoft.com\/en-us\/windows-vista\/block-or-allow-cookies\" target=\"_blank\" rel=\"noopener\">http:\/\/windows.microsoft.com\/en-us\/windows-vista\/block-or-allow-cookies<br \/>\n<\/a>Mozilla Firefox<br \/>\n<a href=\"http:\/\/support.mozilla.org\/en-US\/kb\/Enabling%20and%20disabling%20cookies\" target=\"_blank\" rel=\"noopener\">http:\/\/support.mozilla.org\/en-US\/kb\/Enabling%20and%20disabling%20cookies<\/a><a href=\"https:\/\/support.google.com\/accounts\/answer\/61416?hl=it\" target=\"_blank\" rel=\"noopener\"><br \/>\n<\/a>Apple Safari<br \/>\n<a href=\"http:\/\/www.apple.com\/legal\/privacy\/\" target=\"_blank\" rel=\"noopener\">http:\/\/www.apple.com\/legal\/privacy\/<br \/>\n<\/a>Per disattivare i Cookie Flash<br \/>\n<a href=\"http:\/\/www.macromedia.com\/support\/documentation\/en\/flashplayer\/help\/settings_manager02.html#118539\" target=\"_blank\" rel=\"noopener\">http:\/\/www.macromedia.com\/support\/documentation\/en\/flashplayer\/help\/settings_manager02.html#118539<\/a><\/p>\n","protected":false},"excerpt":{"rendered":"<p>Informativa estesa sull\u2019utilizzo dei cookie Uso dei cookie BNMarconi.it utilizza i Cookie per rendere i propri servizi semplici e efficienti per l\u2019utenza che visiona le pagine del sito. Gli utenti che visionano il Sito, vedranno inserite delle quantit\u00e0 minime di informazioni nei dispositivi in uso, che siano computer e periferiche mobili, in piccoli file di [&hellip;]<\/p>\n","protected":false},"author":1,"featured_media":0,"parent":0,"menu_order":0,"comment_status":"closed","ping_status":"closed","template":"","meta":[],"_links":{"self":[{"href":"http:\/\/www.bnmarconi.it\/tipografia\/index.php\/wp-json\/wp\/v2\/pages\/12221"}],"collection":[{"href":"http:\/\/www.bnmarconi.it\/tipografia\/index.php\/wp-json\/wp\/v2\/pages"}],"about":[{"href":"http:\/\/www.bnmarconi.it\/tipografia\/index.php\/wp-json\/wp\/v2\/types\/page"}],"author":[{"embeddable":true,"href":"http:\/\/www.bnmarconi.it\/tipografia\/index.php\/wp-json\/wp\/v2\/users\/1"}],"replies":[{"embeddable":true,"href":"http:\/\/www.bnmarconi.it\/tipografia\/index.php\/wp-json\/wp\/v2\/comments?post=12221"}],"version-history":[{"count":2,"href":"http:\/\/www.bnmarconi.it\/tipografia\/index.php\/wp-json\/wp\/v2\/pages\/12221\/revisions"}],"predecessor-version":[{"id":12366,"href":"http:\/\/www.bnmarconi.it\/tipografia\/index.php\/wp-json\/wp\/v2\/pages\/12221\/revisions\/12366"}],"wp:attachment":[{"href":"http:\/\/www.bnmarconi.it\/tipografia\/index.php\/wp-json\/wp\/v2\/media?parent=12221"}],"curies":[{"name":"wp","href":"https:\/\/api.w.org\/{rel}","templated":true}]}}